{"id":229,"date":"2026-03-20T09:25:47","date_gmt":"2026-03-20T09:25:47","guid":{"rendered":"https:\/\/mariefreudenschuss.studentsweb.at\/?page_id=229"},"modified":"2026-03-20T09:30:12","modified_gmt":"2026-03-20T09:30:12","slug":"impressum","status":"publish","type":"page","link":"https:\/\/mariefreudenschuss.studentsweb.at\/?page_id=229","title":{"rendered":"Impressum"},"content":{"rendered":"\n<p><strong>Impressum<\/strong><\/p>\n\n\n\n<p>Informationen \u00fcber den Diensteanbieter.<\/p>\n\n\n\n<p><strong>Vereinsname:<\/strong>&nbsp;ASK Case IH Steyr St. Valentin<br><strong>ZVR-Zahl:<\/strong>&nbsp;123456789<br><strong>Vereinssitz:<\/strong>&nbsp;St. Valentin<br><strong>Obmann\/Obfrau:<\/strong><br>J\u00f6rg Mittendorfer<br>Joerg.Mittendorfer@gmx.at<br>+43 664 8431352<br><strong>Obmann\/Obfrau Stellvertreter:<\/strong><br>Harald Guselbauer<br>harald.guselbauer@gmail.com<br>+43 676 88680709<\/p>\n\n\n\n<p>Herzograd 35,<br>A-4300 St. Valentin,<br>\u00d6sterreich<\/p>\n\n\n\n<p><strong>Tel.:<\/strong>&nbsp;+43 664 8431352<br><strong>E-Mail:<\/strong>&nbsp;<a href=\"mailto:Joerg.Mittendorfer@gmx.at\">Joerg.Mittendorfer@gmx.at<\/a><\/p>\n\n\n\n<p><strong>Vereinszweck<\/strong><br>Fu\u00dfball<\/p>\n\n\n\n<p><strong>Datenschutz Verantwortlicher<\/strong><br>Marie Freudenschuss<br>Gutenhofnerstra\u00dfe, 4300<br>\u00d6sterreich<br><strong>E-Mail:<\/strong>&nbsp;<a href=\"mailto:marie.freudenschuss@hlwhaag.ac.at\">marie.freudenschuss@hlwhaag.ac.at<\/a><br><strong>Tel.:<\/strong>&nbsp;+43 676 88680709<br><strong>Impressum:<\/strong>&nbsp;<a href=\"https:\/\/www.testfirma.at\/impressum\/\" target=\"_blank\" rel=\"noreferrer noopener\">https:\/\/www.testfirma.at\/impressum\/<\/a><\/p>\n\n\n\n<h2 class=\"wp-block-heading\" id=\"bildernachweis\">Bildernachweis<\/h2>\n\n\n\n<p>Die Bilder, Fotos und Grafiken auf dieser Webseite sind urheberrechtlich gesch\u00fctzt.<\/p>\n\n\n\n<p><strong>Die Bilderrechte liegen bei:<\/strong><br>Mitglieder des ASK Case IH Steyr St. Valentin<\/p>\n\n\n\n<p>Alle Texte sind urheberrechtlich gesch\u00fctzt.<\/p>\n","protected":false},"excerpt":{"rendered":"<p>Impressum Informationen \u00fcber den Diensteanbieter. Vereinsname:&nbsp;ASK Case IH Steyr St. ValentinZVR-Zahl:&nbsp;123456789Vereinssitz:&nbsp;St. ValentinObmann\/Obfrau:J\u00f6rg MittendorferJoerg.Mittendorfer@gmx.at+43 664 8431352Obmann\/Obfrau Stellvertreter:Harald Guselbauerharald.guselbauer@gmail.com+43 676 88680709 Herzograd 35,A-4300 St. Valentin,\u00d6sterreich Tel.:&nbsp;+43 664 8431352E-Mail:&nbsp;Joerg.Mittendorfer@gmx.at VereinszweckFu\u00dfball Datenschutz VerantwortlicherMarie FreudenschussGutenhofnerstra\u00dfe, 4300\u00d6sterreichE-Mail:&nbsp;marie.freudenschuss@hlwhaag.ac.atTel.:&nbsp;+43 676 88680709Impressum:&nbsp;https:\/\/www.testfirma.at\/impressum\/ Bildernachweis Die Bilder, Fotos und Grafiken auf dieser Webseite sind urheberrechtlich gesch\u00fctzt. Die Bilderrechte liegen bei:Mitglieder des ASK Case IH Steyr St&#8230;.<\/p>\n","protected":false},"author":1,"featured_media":0,"parent":0,"menu_order":0,"comment_status":"closed","ping_status":"closed","template":"","meta":{"_kadence_starter_templates_imported_post":false,"_kad_post_transparent":"","_kad_post_title":"","_kad_post_layout":"","_kad_post_sidebar_id":"","_kad_post_content_style":"","_kad_post_vertical_padding":"","_kad_post_feature":"","_kad_post_feature_position":"","_kad_post_header":false,"_kad_post_footer":false,"_kad_post_classname":"","footnotes":""},"class_list":["post-229","page","type-page","status-publish","hentry"],"_links":{"self":[{"href":"https:\/\/mariefreudenschuss.studentsweb.at\/index.php?rest_route=\/wp\/v2\/pages\/229","targetHints":{"allow":["GET"]}}],"collection":[{"href":"https:\/\/mariefreudenschuss.studentsweb.at\/index.php?rest_route=\/wp\/v2\/pages"}],"about":[{"href":"https:\/\/mariefreudenschuss.studentsweb.at\/index.php?rest_route=\/wp\/v2\/types\/page"}],"author":[{"embeddable":true,"href":"https:\/\/mariefreudenschuss.studentsweb.at\/index.php?rest_route=\/wp\/v2\/users\/1"}],"replies":[{"embeddable":true,"href":"https:\/\/mariefreudenschuss.studentsweb.at\/index.php?rest_route=%2Fwp%2Fv2%2Fcomments&post=229"}],"version-history":[{"count":2,"href":"https:\/\/mariefreudenschuss.studentsweb.at\/index.php?rest_route=\/wp\/v2\/pages\/229\/revisions"}],"predecessor-version":[{"id":234,"href":"https:\/\/mariefreudenschuss.studentsweb.at\/index.php?rest_route=\/wp\/v2\/pages\/229\/revisions\/234"}],"wp:attachment":[{"href":"https:\/\/mariefreudenschuss.studentsweb.at\/index.php?rest_route=%2Fwp%2Fv2%2Fmedia&parent=229"}],"curies":[{"name":"wp","href":"https:\/\/api.w.org\/{rel}","templated":true}]}}